{"id":54,"date":"2017-10-03T20:09:23","date_gmt":"2017-10-03T19:09:23","guid":{"rendered":"http:\/\/melissa.org\/?page_id=54"},"modified":"2021-05-16T20:50:42","modified_gmt":"2021-05-16T18:50:42","slug":"katastatiko","status":"publish","type":"page","link":"https:\/\/melissa.org\/fr\/poioi-eimaste\/katastatiko\/","title":{"rendered":"Statuts"},"content":{"rendered":"<p>STATUTS<\/p>\n<ol>\n<li>D\u00c9NOMINATION ET SI\u00c8GE<\/li>\n<\/ol>\n<p>&nbsp;<\/p>\n<ol>\n<li>\u00ab\u00a0Melissa pour l&rsquo;Hell\u00e9nisme\u00a0\u00bb (ci-dessous MpH) est une association fond\u00e9e le 4 d\u00e9cembre 2016 au sens des articles 60 \u00e0 79 du Code civil suisse.<\/li>\n<li>MpH est une association sans but lucratif.<\/li>\n<li>Le si\u00e8ge de l&rsquo;association est situ\u00e9 \u00e0 Lausanne.<\/li>\n<\/ol>\n<p>&nbsp;<\/p>\n<ol start=\"2\">\n<li>BUT<\/li>\n<\/ol>\n<p>&nbsp;<\/p>\n<ol>\n<li>Le but de MpH est l\u2019\u00e9tude et la mise en valeur du message universel de l\u2019Hell\u00e9nisme.<\/li>\n<li>Son but essentiel est la cr\u00e9ation d\u2019un centre culturel, constitu\u00e9 d\u2019une biblioth\u00e8que, d\u2019un mus\u00e9e et d\u2019un lieu multi-\u00e9v\u00e9nementiel. MpH a \u00e9galement une activit\u00e9 d\u2019\u00e9dition et d\u2019organisation d\u2019\u00e9v\u00e8nements qui servent la poursuite de ses buts.<\/li>\n<li>Afin d\u2019atteindre ses buts, MpH coop\u00e8re avec des associations ou institutions locales, ainsi que d\u2019autres associations ou institutions en Gr\u00e8ce et dans le monde entier, partageant des buts similaires avec elle.<\/li>\n<\/ol>\n<p>&nbsp;<\/p>\n<ol start=\"3\">\n<li>MEMBRES<\/li>\n<\/ol>\n<p>&nbsp;<\/p>\n<ol>\n<li>Peuvent pr\u00e9tendre \u00e0 devenir membre de l&rsquo;association les personnes physiques de plus de 18 ans\u00a0qui adh\u00e8rent aux buts de l\u2019association et\u00a0propos\u00e9es comme telles par au moins un membre de MpH.\u00a0Les demandes d&rsquo;admission sont adress\u00e9es au Comit\u00e9 par \u00e9crit.<\/li>\n<li>Les membres doivent payer une cotisation annuelle.<\/li>\n<li>Membres d&rsquo;honneur: ils sont propos\u00e9s comme tels par le Comit\u00e9 et confirm\u00e9s par l&rsquo;Assembl\u00e9e G\u00e9n\u00e9rale. Ils ont les m\u00eames droits que les autres membres et sont exempt\u00e9s de la cotisation annuelle.<\/li>\n<\/ol>\n<p>&nbsp;<\/p>\n<ol start=\"4\">\n<li>ORGANES<\/li>\n<\/ol>\n<p>\u03b1) L\u2019Assembl\u00e9e G\u00e9n\u00e9rale (AG)<\/p>\n<ol>\n<li>b) Le Comit\u00e9<\/li>\n<li>c) L\u2019Organe de Contr\u00f4le des Comptes (OCC)<\/li>\n<\/ol>\n<p>4a. ASSEMBL\u00c9E G\u00c9N\u00c9RALE (AG)<\/p>\n<ol>\n<li>L&rsquo;AG est le pouvoir supr\u00eame de l&rsquo;association.<\/li>\n<li>L&rsquo;AG \u00e9lit principalement\u00a0 les membres du Comit\u00e9 tous les deux (2) ans,\u00a0prend connaissance du rapport annuel des comptes de l&rsquo;exercice et vote son approbation,\u00a0approuve le budget annuel des activit\u00e9s du Comit\u00e9, \u00e9lit les membres de l&rsquo;OCC, \u00e9lit les trois (3) scrutateurs lors de l\u2019\u00e9lection des membres du Comit\u00e9 et de l\u2019OCC,\u00a0d\u00e9cide de toute modification des statuts \u00e0 la majorit\u00e9 de 2\/3 des membres pr\u00e9sents et fixe\u00a0le montant de la cotisation annuelle.<\/li>\n<li>Elle se r\u00e9unit une fois par an en session ordinaire, sur convocation du Comit\u00e9.<\/li>\n<li>Elle peut, en outre, se r\u00e9unir en session extraordinaire chaque fois que n\u00e9cessaire sur d\u00e9cision du CMT ou \u00e0 la demande de 1\/5\u00e8me des membres.<\/li>\n<li>Le Comit\u00e9 communique au moins trente (30) jours \u00e0 l&rsquo;avance aux membres et par \u00e9crit la date de l&rsquo;assembl\u00e9e g\u00e9n\u00e9rale. L&rsquo;ordre du jour est adress\u00e9 par le Comit\u00e9 \u00e0 chaque membre au moins dix (10) jours avant l\u2019AG.<\/li>\n<\/ol>\n<p>&nbsp;<\/p>\n<p>4b. COMIT\u00c9<\/p>\n<ol>\n<li>La dur\u00e9e du mandat du Comit\u00e9 est de deux (2) ans.<\/li>\n<li>Le Comit\u00e9 est \u00e9lu par l&rsquo;AG et autoris\u00e9 \u00e0 faire tous les actes qui se rapportent au but de<\/li>\n<li>Le Comit\u00e9 se compose de cinq (5) membres courants (Pr\u00e9sident, Vice-Pr\u00e9sident, Secr\u00e9taire, Caissier, Membre) est de deux (2) membres suppl\u00e9ants. Les membres suppl\u00e9ants peuvent participer \u00e0 La R\u00e9union du Comit\u00e9 mais sont priv\u00e9s du droit de vote.<\/li>\n<li>Les membres du Comit\u00e9 se r\u00e9unissent autant de fois qu\u2019ils l\u2019estiment n\u00e9cessaire selon les besoins.<\/li>\n<li>Les d\u00e9cisions du Comit\u00e9 sont prises \u00e0 la majorit\u00e9 simple des membres pr\u00e9sents.<\/li>\n<li>La participation \u00e0 la r\u00e9union du Comit\u00e9 par t\u00e9l\u00e9conf\u00e9rence est possible.<\/li>\n<li>Les membres du Comit\u00e9 sont b\u00e9n\u00e9voles.<\/li>\n<\/ol>\n<p>&nbsp;<\/p>\n<p>4c. ORGANE DE CONTR\u00d4LE DE COMPTES (OCC)<\/p>\n<ol>\n<li>L&rsquo;OCC se compose de deux (2) membres.<\/li>\n<li>Les membres de l&rsquo;OCC sont \u00e9lus par l&rsquo;AG \u00e0 la majorit\u00e9 simple.<\/li>\n<li>La dur\u00e9e du mandat de l&rsquo;OCC est de deux (2) ans.<\/li>\n<li>L&rsquo;OCC est charg\u00e9 de contr\u00f4ler la gestion financi\u00e8re et sugg\u00e8re \u00e0 l&rsquo;AG l&rsquo;approbation ou le rejet du rapport annuel des comptes de l&rsquo;exercice de l&rsquo;association.<\/li>\n<\/ol>\n<p>&nbsp;<\/p>\n<p>&nbsp;<\/p>\n<ol start=\"5\">\n<li>RESSOURCES<\/li>\n<\/ol>\n<p>&nbsp;<\/p>\n<ol>\n<li>Les ressources de l&rsquo;association proviennent des cotisations vers\u00e9es par les membres,\u00a0de dons et du r\u00e9sultat des \u00e9v\u00e8nements organis\u00e9s.<\/li>\n<li>L&rsquo;exercice financier commence le 1er janvier et se termine le 31 d\u00e9cembre de chaque ann\u00e9e.<\/li>\n<\/ol>\n<p>&nbsp;<\/p>\n<ol start=\"6\">\n<li>DUR\u00c9E<\/li>\n<\/ol>\n<p>&nbsp;<\/p>\n<ol>\n<li>La dur\u00e9e de MpH est ind\u00e9termin\u00e9e.<\/li>\n<li>MpH peut d\u00e9cider de se dissoudre ou de fusionner avec une autre association sur proposition du CMT et avec l\u2019accord d\u2019une majorit\u00e9 qualifi\u00e9e de 2\/3 de l&rsquo;AG.<\/li>\n<li>En cas de dissolution de MpH, l&rsquo;actif disponible sera enti\u00e8rement attribu\u00e9 \u00e0 une association ou institution poursuivant un but d&rsquo;int\u00e9r\u00eat public analogue \u00e0 celui de l&rsquo;association en Suisse ou en Gr\u00e8ce sur d\u00e9cision \u00e0 la majorit\u00e9 qualifi\u00e9e des 2\/3 de l\u2019AG.<\/li>\n<li>En cas de fusion de MpH avec une autre association ou institution, l&rsquo;actif disponible sera enti\u00e8rement attribu\u00e9 \u00e0 cette association ou institution.<\/li>\n<\/ol>\n<p>&nbsp;<\/p>\n<ol start=\"7\">\n<li>DISPOSITIONS COMPL\u00c9MENTAIRES<\/li>\n<\/ol>\n<p>Tout ce qui n&rsquo;est pas pr\u00e9vu par les pr\u00e9sents statuts, est r\u00e9gi par le Code civil suisse.<\/p>\n<p>&nbsp;<\/p>\n<p>Les pr\u00e9sents statuts ont \u00e9t\u00e9 adopt\u00e9s par l&rsquo;assembl\u00e9e g\u00e9n\u00e9rale constitutive du 4 d\u00e9cembre 2016 \u00e0 Lausanne.<\/p>\n<p>&nbsp;<\/p>\n<p>Lausanne, dimanche le 4 d\u00e9cembre 2016.<\/p>\n<p>&nbsp;<\/p>\n<p>Les membres :<\/p>\n<p>(signatures)<br \/>\n<\/p>","protected":false},"excerpt":{"rendered":"<p>STATUTS D\u00c9NOMINATION ET SI\u00c8GE &nbsp; \u00ab\u00a0Melissa pour l&rsquo;Hell\u00e9nisme\u00a0\u00bb (ci-dessous MpH) est une association fond\u00e9e le 4 d\u00e9cembre 2016 au sens des articles 60 \u00e0 79 du Code civil suisse. MpH &hellip; <\/p>\n<p class=\"link-more\"><a href=\"https:\/\/melissa.org\/fr\/poioi-eimaste\/katastatiko\/\" class=\"more-link\">Continuer la lecture<span class=\"screen-reader-text\"> de &laquo;&nbsp;Statuts&nbsp;&raquo;<\/span><\/a><\/p>\n","protected":false},"author":3,"featured_media":0,"parent":119,"menu_order":4,"comment_status":"closed","ping_status":"closed","template":"","meta":{"footnotes":""},"class_list":["post-54","page","type-page","status-publish","hentry"],"_links":{"self":[{"href":"https:\/\/melissa.org\/fr\/wp-json\/wp\/v2\/pages\/54","targetHints":{"allow":["GET"]}}],"collection":[{"href":"https:\/\/melissa.org\/fr\/wp-json\/wp\/v2\/pages"}],"about":[{"href":"https:\/\/melissa.org\/fr\/wp-json\/wp\/v2\/types\/page"}],"author":[{"embeddable":true,"href":"https:\/\/melissa.org\/fr\/wp-json\/wp\/v2\/users\/3"}],"replies":[{"embeddable":true,"href":"https:\/\/melissa.org\/fr\/wp-json\/wp\/v2\/comments?post=54"}],"version-history":[{"count":9,"href":"https:\/\/melissa.org\/fr\/wp-json\/wp\/v2\/pages\/54\/revisions"}],"predecessor-version":[{"id":4642,"href":"https:\/\/melissa.org\/fr\/wp-json\/wp\/v2\/pages\/54\/revisions\/4642"}],"up":[{"embeddable":true,"href":"https:\/\/melissa.org\/fr\/wp-json\/wp\/v2\/pages\/119"}],"wp:attachment":[{"href":"https:\/\/melissa.org\/fr\/wp-json\/wp\/v2\/media?parent=54"}],"curies":[{"name":"wp","href":"https:\/\/api.w.org\/{rel}","templated":true}]}}