{"id":4750,"date":"2021-11-05T18:43:14","date_gmt":"2021-11-05T17:43:14","guid":{"rendered":"http:\/\/melissa.org\/?page_id=4750"},"modified":"2023-05-15T17:53:54","modified_gmt":"2023-05-15T15:53:54","slug":"dorees","status":"publish","type":"page","link":"https:\/\/melissa.org\/fr\/epikoinonia\/dorees\/","title":{"rendered":"Nous soutenir"},"content":{"rendered":"<p>Les frais des activit\u00e9s de notre association sont assum\u00e9s gr\u00e2ce aux cotisations de nos membres que nous tenons \u00e0 remercier de leur soutien et confiance. Pourtant, une aide suppl\u00e9mentaire pourrait nous aider \u00e0 assumer \u00e0 long terme les frais de nos diverses activit\u00e9s.<\/p>\n<p>Nous vous serons reconnaissants de vos dons que vous pouvez verser par voie bancaire. Si vous le souhaitez, une quittance de don vous sera remise.<\/p>\n<p>Nos coordonn\u00e9es bancaires:<br \/>\nNo de compte bancaire (PostFinance) : 14-497882-3<br \/>\nIBAN: CH51 0900 0000 1449 7882 3<br \/>\nBIC: POFICHBEXXX<\/p>\n<p>B\u00e9n\u00e9ficiaire:<br \/>\nAssociation Melissa pour l\u2019Hell\u00e9nisme<br \/>\nCH-1000 Lausanne<\/p>\n<p>Les frais des activit\u00e9s de notre association sont assum\u00e9s gr\u00e2ce aux cotisations de nos membres que nous tenons \u00e0 remercier de leur soutien et confiance. A noter que notre \u00e9cole est g\u00e9r\u00e9e ind\u00e9pendamment des autres activit\u00e9s de notre association et les frais sont couverts par les inscriptions des \u00e9l\u00e8ves. Pourtant, une aide suppl\u00e9mentaire pourrait nous aider \u00e0 assumer \u00e0 long terme les frais de nos diverses activit\u00e9s.<\/p>\n<p>Nous vous serons reconnaissants de vos dons que vous pouvez verser par voie bancaire. Si vous le souhaitez, une quittance de don vous sera remise.<\/p>\n<p>Nos coordonn\u00e9es bancaires:<br \/>\nNo de compte bancaire (PostFinance) : 14-497882-3<br \/>\nIBAN: CH51 0900 0000 1449 7882 3<br \/>\nBIC: POFICHBEXXX<\/p>\n<p>B\u00e9n\u00e9ficiaire:<br \/>\nAssociation Melissa pour l\u2019Hell\u00e9nisme<br \/>\nCH-1000 Lausanne<\/p>","protected":false},"excerpt":{"rendered":"<p>Les frais des activit\u00e9s de notre association sont assum\u00e9s gr\u00e2ce aux cotisations de nos membres que nous tenons \u00e0 remercier de leur soutien et confiance. Pourtant, une aide suppl\u00e9mentaire pourrait &hellip; <\/p>\n<p class=\"link-more\"><a href=\"https:\/\/melissa.org\/fr\/epikoinonia\/dorees\/\" class=\"more-link\">Continuer la lecture<span class=\"screen-reader-text\"> de &laquo;&nbsp;Nous soutenir&nbsp;&raquo;<\/span><\/a><\/p>\n","protected":false},"author":3,"featured_media":0,"parent":145,"menu_order":1,"comment_status":"closed","ping_status":"closed","template":"","meta":{"footnotes":""},"class_list":["post-4750","page","type-page","status-publish","hentry"],"_links":{"self":[{"href":"https:\/\/melissa.org\/fr\/wp-json\/wp\/v2\/pages\/4750","targetHints":{"allow":["GET"]}}],"collection":[{"href":"https:\/\/melissa.org\/fr\/wp-json\/wp\/v2\/pages"}],"about":[{"href":"https:\/\/melissa.org\/fr\/wp-json\/wp\/v2\/types\/page"}],"author":[{"embeddable":true,"href":"https:\/\/melissa.org\/fr\/wp-json\/wp\/v2\/users\/3"}],"replies":[{"embeddable":true,"href":"https:\/\/melissa.org\/fr\/wp-json\/wp\/v2\/comments?post=4750"}],"version-history":[{"count":4,"href":"https:\/\/melissa.org\/fr\/wp-json\/wp\/v2\/pages\/4750\/revisions"}],"predecessor-version":[{"id":4973,"href":"https:\/\/melissa.org\/fr\/wp-json\/wp\/v2\/pages\/4750\/revisions\/4973"}],"up":[{"embeddable":true,"href":"https:\/\/melissa.org\/fr\/wp-json\/wp\/v2\/pages\/145"}],"wp:attachment":[{"href":"https:\/\/melissa.org\/fr\/wp-json\/wp\/v2\/media?parent=4750"}],"curies":[{"name":"wp","href":"https:\/\/api.w.org\/{rel}","templated":true}]}}