{"id":4423,"date":"2020-07-18T15:43:49","date_gmt":"2020-07-18T13:43:49","guid":{"rendered":"http:\/\/melissa.org\/?page_id=4423"},"modified":"2021-05-21T17:31:06","modified_gmt":"2021-05-21T15:31:06","slug":"comite-lausanne-1821-2021","status":"publish","type":"page","link":"https:\/\/melissa.org\/fr\/comite-lausanne-1821-2021\/","title":{"rendered":"Comit\u00e9 Lausanne 1821-2021"},"content":{"rendered":"<p><img loading=\"lazy\" decoding=\"async\" class=\"wp-image-4696 size-large alignnone\" src=\"http:\/\/melissa.org\/wp-content\/uploads\/2021\/05\/capodistrias-comite-lausanne-1821-2021-revolution-grece-\u03ba\u03b1\u03c0\u03bf\u03b4\u03b9\u03c3\u03c4\u03c1\u03b9\u03b1\u03c2-\u03bb\u03c9\u03b6\u03b1\u03bd\u03bd\u03b7-\u03bb\u03c9\u03b6\u03b1\u03bd\u03b7-\u03b5\u03c0\u03b1\u03bd\u03b1\u03c3\u03c4\u03b1\u03c3\u03b7-\u03c6\u03b9\u03bb\u03b5\u03bb\u03bb\u03b7\u03bd\u03b5\u03c2-1024x471.jpg\" alt=\"\" width=\"525\" height=\"241\" srcset=\"https:\/\/melissa.org\/wp-content\/uploads\/2021\/05\/capodistrias-comite-lausanne-1821-2021-revolution-grece-\u03ba\u03b1\u03c0\u03bf\u03b4\u03b9\u03c3\u03c4\u03c1\u03b9\u03b1\u03c2-\u03bb\u03c9\u03b6\u03b1\u03bd\u03bd\u03b7-\u03bb\u03c9\u03b6\u03b1\u03bd\u03b7-\u03b5\u03c0\u03b1\u03bd\u03b1\u03c3\u03c4\u03b1\u03c3\u03b7-\u03c6\u03b9\u03bb\u03b5\u03bb\u03bb\u03b7\u03bd\u03b5\u03c2-1024x471.jpg 1024w, https:\/\/melissa.org\/wp-content\/uploads\/2021\/05\/capodistrias-comite-lausanne-1821-2021-revolution-grece-\u03ba\u03b1\u03c0\u03bf\u03b4\u03b9\u03c3\u03c4\u03c1\u03b9\u03b1\u03c2-\u03bb\u03c9\u03b6\u03b1\u03bd\u03bd\u03b7-\u03bb\u03c9\u03b6\u03b1\u03bd\u03b7-\u03b5\u03c0\u03b1\u03bd\u03b1\u03c3\u03c4\u03b1\u03c3\u03b7-\u03c6\u03b9\u03bb\u03b5\u03bb\u03bb\u03b7\u03bd\u03b5\u03c2-300x138.jpg 300w, https:\/\/melissa.org\/wp-content\/uploads\/2021\/05\/capodistrias-comite-lausanne-1821-2021-revolution-grece-\u03ba\u03b1\u03c0\u03bf\u03b4\u03b9\u03c3\u03c4\u03c1\u03b9\u03b1\u03c2-\u03bb\u03c9\u03b6\u03b1\u03bd\u03bd\u03b7-\u03bb\u03c9\u03b6\u03b1\u03bd\u03b7-\u03b5\u03c0\u03b1\u03bd\u03b1\u03c3\u03c4\u03b1\u03c3\u03b7-\u03c6\u03b9\u03bb\u03b5\u03bb\u03bb\u03b7\u03bd\u03b5\u03c2-768x353.jpg 768w, https:\/\/melissa.org\/wp-content\/uploads\/2021\/05\/capodistrias-comite-lausanne-1821-2021-revolution-grece-\u03ba\u03b1\u03c0\u03bf\u03b4\u03b9\u03c3\u03c4\u03c1\u03b9\u03b1\u03c2-\u03bb\u03c9\u03b6\u03b1\u03bd\u03bd\u03b7-\u03bb\u03c9\u03b6\u03b1\u03bd\u03b7-\u03b5\u03c0\u03b1\u03bd\u03b1\u03c3\u03c4\u03b1\u03c3\u03b7-\u03c6\u03b9\u03bb\u03b5\u03bb\u03bb\u03b7\u03bd\u03b5\u03c2-1536x706.jpg 1536w, https:\/\/melissa.org\/wp-content\/uploads\/2021\/05\/capodistrias-comite-lausanne-1821-2021-revolution-grece-\u03ba\u03b1\u03c0\u03bf\u03b4\u03b9\u03c3\u03c4\u03c1\u03b9\u03b1\u03c2-\u03bb\u03c9\u03b6\u03b1\u03bd\u03bd\u03b7-\u03bb\u03c9\u03b6\u03b1\u03bd\u03b7-\u03b5\u03c0\u03b1\u03bd\u03b1\u03c3\u03c4\u03b1\u03c3\u03b7-\u03c6\u03b9\u03bb\u03b5\u03bb\u03bb\u03b7\u03bd\u03b5\u03c2.jpg 1940w\" sizes=\"auto, (max-width: 525px) 100vw, 525px\" \/><\/p>\n<p><strong>Cr\u00e9ation d&rsquo;une association pour c\u00e9l\u00e9brer le bicentenaire du soul\u00e8vement du peuple grec et du philhell\u00e9nisme suisse.<\/strong><\/p>\n<p><em>Pour le programme d\u00e9taill\u00e9 des manifestations, voir \u00e0 la fin de la page.<\/em><\/p>\n<p>Chers amis de la Gr\u00e8ce,<\/p>\n<p>En 1821, le peuple grec, apr\u00e8s maintes tentatives infructueuses au fil de quatre si\u00e8cles d\u2019occupation ottomane, s\u2019est soulev\u00e9 afin de retrouver sa <strong>libert\u00e9 et une patrie<\/strong>. Le comte <a href=\"https:\/\/www.eda.admin.ch\/countries\/greece\/fr\/home\/suisse-et\/ioannis-kapodistrias.html\" target=\"_blank\" rel=\"noopener noreferrer\">Ioannis Capodistrias<\/a> sera le premier gouverneur de la Gr\u00e8ce ind\u00e9pendante, en 1827.<\/p>\n<p>En 2021, dans le cadre de la comm\u00e9moration du bicentenaire de cet \u00e9v\u00e8nement, la Ville de Lausanne a l\u2019intention d\u2019honorer <strong>Ioannis Capodistrias <\/strong>et de le faire conna\u00eetre au public vaudois, pour son r\u00f4le d\u00e9terminant \u00e9galement dans l\u2019histoire de la Suisse, du canton de Vaud et du canton de Gen\u00e8ve, ce qui lui a valu d\u2019\u00eatre nomm\u00e9 premier bourgeois d\u2019honneur des Villes de Lausanne et de Gen\u00e8ve et premier citoyen d\u2019honneur du Canton de Vaud.<\/p>\n<p>A cet effet, la Ville de Lausanne et les associations hell\u00e9niques\/ philhell\u00e8nes de Lausanne s\u2019associent pour organiser divers \u00e9v\u00e9nements publics. Les associations prendront en charge l\u2019organisation d\u2019une <strong>exposition publique, en juin 2021, au Forum de l\u2019H\u00f4tel de Ville<\/strong>, exposition ax\u00e9e sur ces \u00e9v\u00e8nements et ce personnage illustre mais aussi sur la contribution du <strong>philhell\u00e9nisme suisse, <\/strong>et en particulier<strong> vaudois,<\/strong> \u00e0 la lib\u00e9ration de la Gr\u00e8ce. Pour sa part, la Ville de Lausanne nommera un lieu du nom de Ioannis Capodistrias, organisera une ou plusieurs conf\u00e9rences et approchera les milieux culturels, en coordination avec le Comit\u00e9 Lausanne 1821-2021, pour offrir un programme porteur.<\/p>\n<p>Pour r\u00e9pondre \u00e0 cet appel\u00a0 de mani\u00e8re efficace et honorer la confiance des autorit\u00e9s lausannoises, les associations suivantes\u00a0:<\/p>\n<ul>\n<li>Association des Amiti\u00e9s Gr\u00e9co-Suisses<\/li>\n<li>Association des grecs de Lausanne ESTIA<\/li>\n<li>Association Melissa pour l\u2019Hell\u00e9nisme<\/li>\n<li>Association \/ \u00e9cole Grec Pour Tous<\/li>\n<li>Fondation Entraide Hell\u00e9nique de Lausanne<\/li>\n<\/ul>\n<p>ont d\u00e9cid\u00e9 d\u2019unir leurs forces et ont form\u00e9 une association \u00e0 dur\u00e9e limit\u00e9e, nomm\u00e9e \u00ab\u00a0<strong>Comit\u00e9 Lausanne 1821-2021\u00a0<\/strong>\u00bb, ayant pour objectif d\u2019organiser l\u2019exposition au Forum de l\u2019H\u00f4tel de Ville ainsi que d\u2019autres \u00e9v\u00e9nements comm\u00e9moratifs qui permettront de mieux faire conna\u00eetre l\u2019histoire et la culture de la Gr\u00e8ce et ses relations privil\u00e9gi\u00e9es avec le canton de Vaud.<\/p>\n<p>Une part importante du travail n\u00e9cessaire pour la pr\u00e9paration et le montage de cette exposition se fera de mani\u00e8re b\u00e9n\u00e9vole par les membres du comit\u00e9, et la majeure partie des objets expos\u00e9s sera mise \u00e0 disposition gratuitement par des mus\u00e9es ou des collectionneurs priv\u00e9s, afin de r\u00e9duire les co\u00fbts.<\/p>\n<p>Il n\u2019en demeure pas moins que certaines d\u00e9penses sont in\u00e9vitables. <strong>Afin de pouvoir mener \u00e0 bien ce projet, nous comptons sur votre soutien et vous invitons \u00e0 adh\u00e9rer \u00e0 l\u2019association \u00ab\u00a0Comit\u00e9 Lausanne 1821-2021\u00a0\u00bb.<\/strong><\/p>\n<p>Pour devenir membre, il suffit de nous adresser ce <a href=\"http:\/\/melissa.org\/wp-content\/uploads\/2020\/07\/Formulaire-inscription-CL21.pdf\" target=\"_blank\" rel=\"noopener noreferrer\">formulaire d&rsquo;inscription<\/a> (pdf) et de verser le montant de votre cotisation au CCP 15-498911-8, soit CHF 50.- pour les membres individuels et CHF 200.- pour les membres collectifs. Si toutefois vous souhaitez nous soutenir financi\u00e8rement sans pour autant devenir membre, \u00a0merci de verser le montant de votre choix, accompagn\u00e9 de votre nom et adresse.<\/p>\n<p>Les <a href=\"http:\/\/melissa.org\/wp-content\/uploads\/2020\/07\/statuts-comite-lausanne.pdf\" target=\"_blank\" rel=\"noopener noreferrer\">statuts<\/a>, ainsi que le <a href=\"http:\/\/melissa.org\/wp-content\/uploads\/2020\/07\/PV-Assemblee-constitutive.pdf\" target=\"_blank\" rel=\"noopener noreferrer\">PV de l&rsquo;assembl\u00e9e constitutive<\/a> (28.05.2020), sont \u00e0 votre disposition (cliquez sur les liens).<\/p>\n<p>Veuillez visitez la <a href=\"https:\/\/www.facebook.com\/ComiteLausanne21\" target=\"_blank\" rel=\"noopener noreferrer\">page Facebook<\/a> qui a \u00e9t\u00e9 cr\u00e9\u00e9e pour cette comm\u00e9moration.<\/p>\n<p>Nous vous remercions vivement de votre int\u00e9r\u00eat \u00e0 comm\u00e9morer avec nous cet \u00e9v\u00e9nement historique \u00e0 Lausanne et pour votre soutien financier, en esp\u00e9rant avoir le plaisir de vous accueillir \u00e0 l\u2019une ou l\u2019autre des diverses manifestations pr\u00e9vues dans le cadre de ce Bicentenaire.<\/p>\n<p>Le comit\u00e9<\/p>\n<p>&nbsp;<\/p>\n<hr \/>\n<p>PROGRAMME<\/p>\n<p>Le programma d\u00e9taill\u00e9 des manifestations n&rsquo;est pas encore d\u00e9finitivement arr\u00eat\u00e9, mais nous sommes d&rsquo;ores et d\u00e9j\u00e0 en mesure de vous communiquer les dates des principaux \u00e9v\u00e8nements, sous r\u00e9serve de la situation sanitaire :<\/p>\n<ul>\n<li>Mardi <strong>1er <\/strong>juin \u00e0 18h : inauguration de l&rsquo;exposition au Forum de l&rsquo;H\u00f4tel de Ville.<\/li>\n<li>Du mercredi <strong>2<\/strong> au samedi <strong>19<\/strong> juin : dur\u00e9e de l&rsquo;exposition ; conf\u00e9rences et animations durant cette p\u00e9riode.<\/li>\n<li>Samedi <strong>5<\/strong> juin : c\u00e9r\u00e9monie de nomination d&rsquo;une all\u00e9e \u00e0 Ouchy du nom d&rsquo;Ioannis Capodistrias, suivie d&rsquo;une f\u00eate publique.<\/li>\n<li>Lundi <strong>7<\/strong> juin : plantation d&rsquo;un olivier comm\u00e9moratif dans le parc du CIO.<\/li>\n<li>Jeudi <strong>10<\/strong> et vendredi <strong>18<\/strong> juin : conf\u00e9rences sur le th\u00e8me du philhell\u00e9nisme, \u00e0 la salle du Conseil communal.<\/li>\n<li>Vendredi <strong>11<\/strong> juin : pr\u00e9sentation de la pi\u00e8ce th\u00e9atr\u00e2le et historique <em>\u00ab\u00a0Jean Capodistria, gloire et solitude\u00a0\u00bb<\/em> par le Th\u00e9\u00e2tre Grec de Gen\u00e8ve. Cette pi\u00e8ce, \u00e9crite par Ioanna Berthoud-Papandropoulou \u00e0 l&rsquo;occasion du bicentenaire de la r\u00e9volution grecque, sera pr\u00e9sent\u00e9 pour la premi\u00e8re fois au public. Salle Paderewski, Casino de Montbenon. Plus d&rsquo;info prochainement.<\/li>\n<\/ul>\n<p><\/p>","protected":false},"excerpt":{"rendered":"<p>Cr\u00e9ation d&rsquo;une association pour c\u00e9l\u00e9brer le bicentenaire du soul\u00e8vement du peuple grec et du philhell\u00e9nisme suisse. Pour le programme d\u00e9taill\u00e9 des manifestations, voir \u00e0 la fin de la page. Chers &hellip; <\/p>\n<p class=\"link-more\"><a href=\"https:\/\/melissa.org\/fr\/comite-lausanne-1821-2021\/\" class=\"more-link\">Continuer la lecture<span class=\"screen-reader-text\"> de &laquo;&nbsp;Comit\u00e9 Lausanne 1821-2021&nbsp;&raquo;<\/span><\/a><\/p>\n","protected":false},"author":3,"featured_media":0,"parent":0,"menu_order":0,"comment_status":"closed","ping_status":"closed","template":"","meta":{"footnotes":""},"class_list":["post-4423","page","type-page","status-publish","hentry"],"_links":{"self":[{"href":"https:\/\/melissa.org\/fr\/wp-json\/wp\/v2\/pages\/4423","targetHints":{"allow":["GET"]}}],"collection":[{"href":"https:\/\/melissa.org\/fr\/wp-json\/wp\/v2\/pages"}],"about":[{"href":"https:\/\/melissa.org\/fr\/wp-json\/wp\/v2\/types\/page"}],"author":[{"embeddable":true,"href":"https:\/\/melissa.org\/fr\/wp-json\/wp\/v2\/users\/3"}],"replies":[{"embeddable":true,"href":"https:\/\/melissa.org\/fr\/wp-json\/wp\/v2\/comments?post=4423"}],"version-history":[{"count":19,"href":"https:\/\/melissa.org\/fr\/wp-json\/wp\/v2\/pages\/4423\/revisions"}],"predecessor-version":[{"id":4697,"href":"https:\/\/melissa.org\/fr\/wp-json\/wp\/v2\/pages\/4423\/revisions\/4697"}],"wp:attachment":[{"href":"https:\/\/melissa.org\/fr\/wp-json\/wp\/v2\/media?parent=4423"}],"curies":[{"name":"wp","href":"https:\/\/api.w.org\/{rel}","templated":true}]}}