{"id":4398,"date":"2020-05-04T00:04:28","date_gmt":"2020-05-03T22:04:28","guid":{"rendered":"http:\/\/melissa.org\/?page_id=4398"},"modified":"2020-05-04T00:11:20","modified_gmt":"2020-05-03T22:11:20","slug":"2019-2","status":"publish","type":"page","link":"https:\/\/melissa.org\/fr\/2019-2\/","title":{"rendered":"2019"},"content":{"rendered":"<p>Nous tenons \u00e0 vous remercier pour votre chaleureux soutien durant <strong>2019<\/strong> qui \u00e9tait la troisi\u00e8me ann\u00e9e d&rsquo;activit\u00e9 de notre association. Voici un r\u00e9sum\u00e9 de nos activit\u00e9s, par ordre chronologique.<\/p>\n<p>(Texte en fran\u00e7ais bient\u00f4t disponible)<\/p>","protected":false},"excerpt":{"rendered":"<p>Nous tenons \u00e0 vous remercier pour votre chaleureux soutien durant 2019 qui \u00e9tait la troisi\u00e8me ann\u00e9e d&rsquo;activit\u00e9 de notre association. Voici un r\u00e9sum\u00e9 de nos activit\u00e9s, par ordre chronologique. (Texte &hellip; <\/p>\n<p class=\"link-more\"><a href=\"https:\/\/melissa.org\/fr\/2019-2\/\" class=\"more-link\">Continuer la lecture<span class=\"screen-reader-text\"> de &laquo;&nbsp;2019&nbsp;&raquo;<\/span><\/a><\/p>\n","protected":false},"author":3,"featured_media":0,"parent":0,"menu_order":1,"comment_status":"closed","ping_status":"closed","template":"","meta":{"footnotes":""},"class_list":["post-4398","page","type-page","status-publish","hentry"],"_links":{"self":[{"href":"https:\/\/melissa.org\/fr\/wp-json\/wp\/v2\/pages\/4398","targetHints":{"allow":["GET"]}}],"collection":[{"href":"https:\/\/melissa.org\/fr\/wp-json\/wp\/v2\/pages"}],"about":[{"href":"https:\/\/melissa.org\/fr\/wp-json\/wp\/v2\/types\/page"}],"author":[{"embeddable":true,"href":"https:\/\/melissa.org\/fr\/wp-json\/wp\/v2\/users\/3"}],"replies":[{"embeddable":true,"href":"https:\/\/melissa.org\/fr\/wp-json\/wp\/v2\/comments?post=4398"}],"version-history":[{"count":2,"href":"https:\/\/melissa.org\/fr\/wp-json\/wp\/v2\/pages\/4398\/revisions"}],"predecessor-version":[{"id":4401,"href":"https:\/\/melissa.org\/fr\/wp-json\/wp\/v2\/pages\/4398\/revisions\/4401"}],"wp:attachment":[{"href":"https:\/\/melissa.org\/fr\/wp-json\/wp\/v2\/media?parent=4398"}],"curies":[{"name":"wp","href":"https:\/\/api.w.org\/{rel}","templated":true}]}}