{"id":4161,"date":"2019-02-15T10:02:11","date_gmt":"2019-02-15T09:02:11","guid":{"rendered":"http:\/\/melissa.org\/?page_id=4161"},"modified":"2023-05-15T17:43:50","modified_gmt":"2023-05-15T15:43:50","slug":"daneistiki-vivliothiki","status":"publish","type":"page","link":"https:\/\/melissa.org\/fr\/vivliothiki\/daneistiki-vivliothiki\/","title":{"rendered":"\u0392iblioth\u00e8que de pr\u00eat"},"content":{"rendered":"<p><strong>L\u2019abeille s\u2019associe \u00e0 la coccinelle\u00a0: projet \u00ab\u00a0le livre trouve son lecteur\u00a0\u00bb<\/strong><\/p>\n<p>Melissa (<em>=abeille en grec<\/em>) s\u2019associe au <a href=\"https:\/\/www.coccinelle-cafe.ch\/\" target=\"_blank\" rel=\"noopener noreferrer\">caf\u00e9 Coccinelle<\/a> de Lausanne afin de partager avec le public des livres de sa collection. Il s\u2019agit d\u2019une s\u00e9lection de 150 livres en fran\u00e7ais et en anglais, en \u00e9dition r\u00e9cente et en \u00e9tat neuf, provenant de notre collection d\u2019environ 5&rsquo;000 titres. Les sujets sont vari\u00e9s : des \u0153uvres-phares de la litt\u00e9rature aux essais sur des questions principales de notre monde en plein changement, comme l\u2019intelligence artificielle, les relations humaines, l&#8217;emploi, les enfants.<\/p>\n<p>Ces livres papier se trouvent sur les \u00e9tag\u00e8res du caf\u00e9 Coccinelle et figurent dans un catalogue num\u00e9rique OPAC (Open Public Access Catalog), accessible depuis votre smartphone. Le syst\u00e8me de pr\u00eat est facile d\u2019utilisation et ne n\u00e9cessite aucune intervention du personnel du caf\u00e9.<\/p>\n<p>Apr\u00e8s une inscription unique qui vous permet d\u2019obtenir un num\u00e9ro ID, vous pouvez emprunter, en quelques simples clics, les livres que vous d\u00e9sirez pour une p\u00e9riode d\u00e9termin\u00e9e de 14 jours et ensuite les rendre au caf\u00e9 sans aucun frais.<\/p>\n<p>D\u00e9but du projet: lundi 25 f\u00e9vrier 2019<br \/>\n<strong>Fin en 2021. Le pr\u00eat n&rsquo;est plus possible.<\/strong><\/p>\n<p><a href=\"https:\/\/www.librarycat.org\/lib\/melissa.org\" target=\"_blank\" rel=\"noopener noreferrer\">Acc\u00e8s au catalogue des livres<\/a><\/p>\n<p><iframe loading=\"lazy\" src=\"https:\/\/www.facebook.com\/plugins\/video.php?href=https%3A%2F%2Fwww.facebook.com%2Fmelissa.hellenisme%2Fvideos%2F254225565488701%2F&amp;show_text=0&amp;width=560\" width=\"560\" height=\"420\" frameborder=\"0\" scrolling=\"no\" allowfullscreen=\"allowfullscreen\" data-mce-fragment=\"1\"><\/iframe><\/p>","protected":false},"excerpt":{"rendered":"<p>L\u2019abeille s\u2019associe \u00e0 la coccinelle\u00a0: projet \u00ab\u00a0le livre trouve son lecteur\u00a0\u00bb Melissa (=abeille en grec) s\u2019associe au caf\u00e9 Coccinelle de Lausanne afin de partager avec le public des livres de &hellip; <\/p>\n<p class=\"link-more\"><a href=\"https:\/\/melissa.org\/fr\/vivliothiki\/daneistiki-vivliothiki\/\" class=\"more-link\">Continuer la lecture<span class=\"screen-reader-text\"> de &laquo;&nbsp;\u0392iblioth\u00e8que de pr\u00eat&nbsp;&raquo;<\/span><\/a><\/p>\n","protected":false},"author":3,"featured_media":0,"parent":152,"menu_order":1,"comment_status":"closed","ping_status":"closed","template":"","meta":{"footnotes":""},"class_list":["post-4161","page","type-page","status-publish","hentry"],"_links":{"self":[{"href":"https:\/\/melissa.org\/fr\/wp-json\/wp\/v2\/pages\/4161","targetHints":{"allow":["GET"]}}],"collection":[{"href":"https:\/\/melissa.org\/fr\/wp-json\/wp\/v2\/pages"}],"about":[{"href":"https:\/\/melissa.org\/fr\/wp-json\/wp\/v2\/types\/page"}],"author":[{"embeddable":true,"href":"https:\/\/melissa.org\/fr\/wp-json\/wp\/v2\/users\/3"}],"replies":[{"embeddable":true,"href":"https:\/\/melissa.org\/fr\/wp-json\/wp\/v2\/comments?post=4161"}],"version-history":[{"count":9,"href":"https:\/\/melissa.org\/fr\/wp-json\/wp\/v2\/pages\/4161\/revisions"}],"predecessor-version":[{"id":4970,"href":"https:\/\/melissa.org\/fr\/wp-json\/wp\/v2\/pages\/4161\/revisions\/4970"}],"up":[{"embeddable":true,"href":"https:\/\/melissa.org\/fr\/wp-json\/wp\/v2\/pages\/152"}],"wp:attachment":[{"href":"https:\/\/melissa.org\/fr\/wp-json\/wp\/v2\/media?parent=4161"}],"curies":[{"name":"wp","href":"https:\/\/api.w.org\/{rel}","templated":true}]}}