{"id":22,"date":"2017-03-23T23:55:57","date_gmt":"2017-03-23T22:55:57","guid":{"rendered":"http:\/\/melissa.org\/?page_id=22"},"modified":"2026-02-07T09:00:19","modified_gmt":"2026-02-07T08:00:19","slug":"meli","status":"publish","type":"page","link":"https:\/\/melissa.org\/fr\/poioi-eimaste\/meli\/","title":{"rendered":"Membres fondateurs &#8211; comit\u00e9"},"content":{"rendered":"<p>Notre comit\u00e9 (2025-2026) :<\/p>\n<p><strong>Georgios Sgourdos<\/strong><br \/>\nPr\u00e9sident<\/p>\n<p><strong>Calliope Ioannidou<\/strong><br \/>\nSecr\u00e9taire<\/p>\n<p><strong>Vassileios Agrafiotis<\/strong><br \/>\nTr\u00e9sorier<\/p>\n<p><strong>Sofia Dalkou<\/strong><br \/>\nMembre<\/p>\n<p><strong>Chrysanthi Samara<\/strong><br \/>\nMembre<\/p>\n<p>Membres suppl\u00e9ants du comit\u00e9:<\/p>\n<p><strong>Dimitrios Foskolos<\/strong><\/p>\n<p><strong>Nikolaos Petsios<\/strong><\/p>\n<hr \/>\n<p>Anciens comit\u00e9s :<\/p>\n<p><strong>2023-2024<\/strong><\/p>\n<p>Georgios Sgourdos<br \/>\nPr\u00e9sident<\/p>\n<p>Chrysanthi Samara<br \/>\nSecr\u00e9taire<\/p>\n<p>Vassileios Agrafiotis<br \/>\nTr\u00e9sorier<\/p>\n<p>Sofia Dalkou<br \/>\nMembre<\/p>\n<p>Calliope Ioannidou<br \/>\nMembre<\/p>\n<p>Membre suppl\u00e9ant du comit\u00e9:<br \/>\nDimitrios Papastergiou<\/p>\n<p><strong>AG du 12 d\u00e9cembre 2021<\/strong><\/p>\n<p>Georgios Sgourdos<br \/>\nPr\u00e9sident<\/p>\n<p>Theodossios Dimopoulos<br \/>\nVice-Pr\u00e9sident<\/p>\n<p>Chrysanthi Samara<br \/>\nSecr\u00e9taire<\/p>\n<p>Vassileios Agrafiotis<br \/>\nTr\u00e9sorier<\/p>\n<p>Sofia Dalkou<br \/>\nMembre<\/p>\n<p>Membres suppl\u00e9ants :<br \/>\nDimitrios Papastergiou<br \/>\nCalliope Ioannidou<\/p>\n<div class=\"entry-content\">\n<hr \/>\n<p><strong>AG du 30 mars 2019<\/strong><\/p>\n<\/div>\n<p>Georgios Sgourdos<br \/>\nPr\u00e9sident<\/p>\n<p>Theodossios Dimopoulos<br \/>\nVice-Pr\u00e9sident<\/p>\n<p>Calliope Ioannidou<br \/>\nSecr\u00e9taire<\/p>\n<p>Sofia Dalkou<br \/>\nTr\u00e9sorier<\/p>\n<p>Chrysanthi Samara<br \/>\nMembre du comit\u00e9<\/p>\n<p>Membres suppl\u00e9ants :<br \/>\nDimitrios Papastergiou<br \/>\nAlexandros Kokkas<\/p>\n<div class=\"entry-content\">\n<hr \/>\n<p><strong>AG constitutionnelle du 4 d\u00e9cembre 2016<\/strong><\/p>\n<p>Georgios Sgourdos<br \/>\nPr\u00e9sident<\/p>\n<p>Theodossios Dimopoulos<br \/>\nVice-Pr\u00e9sident<\/p>\n<p>Chrysanthi Samara<br \/>\nSecr\u00e9taire<\/p>\n<p>Sofia Dalkou<br \/>\nTr\u00e9sorier<\/p>\n<p>Calliope Ioannidou<br \/>\nMembre du comit\u00e9<\/p>\n<p>Membres suppl\u00e9ants du comit\u00e9:<br \/>\nGrigorios Chatzilymperis<br \/>\nPhilippe Kitsos<\/p>\n<\/div>\n<p>&nbsp;<\/p>\n<hr \/>\n<p>Membres fondateurs :<\/p>\n<p>Georgios Sgourdos<br \/>\nSofia Dalkou<br \/>\nTheodossios Dimopoulos<br \/>\nChrysanthi Samara<br \/>\nGrigorios Chatzilymperis<br \/>\nCalliope Ioannidou<br \/>\nPhilippe Kitsos (Neuch\u00e2tel)<br \/>\nChryssa Papadaki (Gen\u00e8ve)Notre comit\u00e9\u00a0 (2023) :<\/p>\n<p><strong>Georgios Sgourdos<\/strong><br \/>\nPr\u00e9sident<\/p>\n<p><strong>Chrysanthi Samara<\/strong><br \/>\nSecr\u00e9taire<\/p>\n<p><strong>Vassileios Agrafiotis<\/strong><br \/>\nTr\u00e9sorier<\/p>\n<p><strong>Sofia Dalkou<\/strong><br \/>\nMembre<\/p>\n<p><strong>Calliope Ioannidou<\/strong><br \/>\nMembre<\/p>\n<p>Membre suppl\u00e9ant du comit\u00e9:<\/p>\n<p><strong>Dimitrios Papastergiou<\/strong><\/p>\n<hr \/>\n<p>Anciens comit\u00e9s :<\/p>\n<p>AG du 12 d\u00e9cembre 2021<\/p>\n<p>Georgios Sgourdos<br \/>\nPr\u00e9sident<\/p>\n<p>Theodossios Dimopoulos<br \/>\nVice-Pr\u00e9sident<\/p>\n<p>Chrysanthi Samara<br \/>\nSecr\u00e9taire<\/p>\n<p>Vassileios Agrafiotis<br \/>\nTr\u00e9sorier<\/p>\n<p>Sofia Dalkou<br \/>\nMembre<\/p>\n<p>Membres suppl\u00e9ants :<br \/>\nDimitrios Papastergiou<br \/>\nCalliope Ioannidou<\/p>\n<div class=\"entry-content\">\n<hr \/>\n<p>AG du 30 mars 2019<\/p>\n<\/div>\n<p>Georgios Sgourdos<br \/>\nPr\u00e9sident<\/p>\n<p>Theodossios Dimopoulos<br \/>\nVice-Pr\u00e9sident<\/p>\n<p>Calliope Ioannidou<br \/>\nSecr\u00e9taire<\/p>\n<p>Sofia Dalkou<br \/>\nTr\u00e9sorier<\/p>\n<p>Chrysanthi Samara<br \/>\nMembre du comit\u00e9<\/p>\n<p>Membres suppl\u00e9ants :<br \/>\nDimitrios Papastergiou<br \/>\nAlexandros Kokkas<\/p>\n<div class=\"entry-content\">\n<hr \/>\n<p>AG constitutionnelle du 4 d\u00e9cembre 2016<\/p>\n<p>Georgios Sgourdos<br \/>\nPr\u00e9sident<\/p>\n<p>Theodossios Dimopoulos<br \/>\nVice-Pr\u00e9sident<\/p>\n<p>Chrysanthi Samara<br \/>\nSecr\u00e9taire<\/p>\n<p>Sofia Dalkou<br \/>\nTr\u00e9sorier<\/p>\n<p>Calliope Ioannidou<br \/>\nMembre du comit\u00e9<\/p>\n<p>Membres suppl\u00e9ants du comit\u00e9:<br \/>\nGrigorios Chatzilymperis<br \/>\nPhilippe Kitsos<\/p>\n<\/div>\n<p>&nbsp;<\/p>\n<hr \/>\n<p>Membres fondateurs :<\/p>\n<p>Georgios Sgourdos<br \/>\nSofia Dalkou<br \/>\nTheodossios Dimopoulos<br \/>\nChrysanthi Samara<br \/>\nGrigorios Chatzilymperis<br \/>\nCalliope Ioannidou<br \/>\nPhilippe Kitsos (Neuch\u00e2tel)<br \/>\nChryssa Papadaki (Gen\u00e8ve)<\/p>","protected":false},"excerpt":{"rendered":"<p>Notre comit\u00e9 (2025-2026) : Georgios Sgourdos Pr\u00e9sident Calliope Ioannidou Secr\u00e9taire Vassileios Agrafiotis Tr\u00e9sorier Sofia Dalkou Membre Chrysanthi Samara Membre Membres suppl\u00e9ants du comit\u00e9: Dimitrios Foskolos Nikolaos Petsios Anciens comit\u00e9s : &hellip; <\/p>\n<p class=\"link-more\"><a href=\"https:\/\/melissa.org\/fr\/poioi-eimaste\/meli\/\" class=\"more-link\">Continuer la lecture<span class=\"screen-reader-text\"> de &laquo;&nbsp;Membres fondateurs &#8211; comit\u00e9&nbsp;&raquo;<\/span><\/a><\/p>\n","protected":false},"author":2,"featured_media":0,"parent":119,"menu_order":2,"comment_status":"closed","ping_status":"closed","template":"","meta":{"footnotes":""},"class_list":["post-22","page","type-page","status-publish","hentry"],"_links":{"self":[{"href":"https:\/\/melissa.org\/fr\/wp-json\/wp\/v2\/pages\/22","targetHints":{"allow":["GET"]}}],"collection":[{"href":"https:\/\/melissa.org\/fr\/wp-json\/wp\/v2\/pages"}],"about":[{"href":"https:\/\/melissa.org\/fr\/wp-json\/wp\/v2\/types\/page"}],"author":[{"embeddable":true,"href":"https:\/\/melissa.org\/fr\/wp-json\/wp\/v2\/users\/2"}],"replies":[{"embeddable":true,"href":"https:\/\/melissa.org\/fr\/wp-json\/wp\/v2\/comments?post=22"}],"version-history":[{"count":21,"href":"https:\/\/melissa.org\/fr\/wp-json\/wp\/v2\/pages\/22\/revisions"}],"predecessor-version":[{"id":5054,"href":"https:\/\/melissa.org\/fr\/wp-json\/wp\/v2\/pages\/22\/revisions\/5054"}],"up":[{"embeddable":true,"href":"https:\/\/melissa.org\/fr\/wp-json\/wp\/v2\/pages\/119"}],"wp:attachment":[{"href":"https:\/\/melissa.org\/fr\/wp-json\/wp\/v2\/media?parent=22"}],"curies":[{"name":"wp","href":"https:\/\/api.w.org\/{rel}","templated":true}]}}