{"id":163,"date":"2017-10-04T00:15:32","date_gmt":"2017-10-03T23:15:32","guid":{"rendered":"http:\/\/melissa.org\/?page_id=163"},"modified":"2019-09-01T23:13:56","modified_gmt":"2019-09-01T21:13:56","slug":"epitima-meli","status":"publish","type":"page","link":"https:\/\/melissa.org\/fr\/poioi-eimaste\/epitima-meli\/","title":{"rendered":"Membres d&rsquo;honneur"},"content":{"rendered":"<p>D&rsquo;apr\u00e8s nos <a href=\"https:\/\/melissa.org\/fr\/%cf%80%ce%bf%ce%b9%ce%bf%ce%b9-%ce%b5%ce%af%ce%bc%ce%b1%cf%83%cf%84%ce%b5\/%ce%ba%ce%b1%cf%84%ce%b1%cf%83%cf%84%ce%b1%cf%84%ce%b9%ce%ba%cf%8c\/\" target=\"_blank\" rel=\"noopener noreferrer\">Statuts<\/a>:<\/p>\n<blockquote><p>Membres d\u2019honneur: ils sont propos\u00e9s comme tels par le Comit\u00e9 et confirm\u00e9s par l\u2019Assembl\u00e9e G\u00e9n\u00e9rale. Ils ont les m\u00eames droits que les autres membres et sont exempt\u00e9s de la cotisation annuelle.<\/p><\/blockquote>\n<p><\/p>","protected":false},"excerpt":{"rendered":"<p>D&rsquo;apr\u00e8s nos Statuts: Membres d\u2019honneur: ils sont propos\u00e9s comme tels par le Comit\u00e9 et confirm\u00e9s par l\u2019Assembl\u00e9e G\u00e9n\u00e9rale. Ils ont les m\u00eames droits que les autres membres et sont exempt\u00e9s &hellip; <\/p>\n<p class=\"link-more\"><a href=\"https:\/\/melissa.org\/fr\/poioi-eimaste\/epitima-meli\/\" class=\"more-link\">Continuer la lecture<span class=\"screen-reader-text\"> de &laquo;&nbsp;Membres d&rsquo;honneur&nbsp;&raquo;<\/span><\/a><\/p>\n","protected":false},"author":3,"featured_media":0,"parent":119,"menu_order":4,"comment_status":"closed","ping_status":"closed","template":"","meta":{"footnotes":""},"class_list":["post-163","page","type-page","status-publish","hentry"],"_links":{"self":[{"href":"https:\/\/melissa.org\/fr\/wp-json\/wp\/v2\/pages\/163","targetHints":{"allow":["GET"]}}],"collection":[{"href":"https:\/\/melissa.org\/fr\/wp-json\/wp\/v2\/pages"}],"about":[{"href":"https:\/\/melissa.org\/fr\/wp-json\/wp\/v2\/types\/page"}],"author":[{"embeddable":true,"href":"https:\/\/melissa.org\/fr\/wp-json\/wp\/v2\/users\/3"}],"replies":[{"embeddable":true,"href":"https:\/\/melissa.org\/fr\/wp-json\/wp\/v2\/comments?post=163"}],"version-history":[{"count":7,"href":"https:\/\/melissa.org\/fr\/wp-json\/wp\/v2\/pages\/163\/revisions"}],"predecessor-version":[{"id":4294,"href":"https:\/\/melissa.org\/fr\/wp-json\/wp\/v2\/pages\/163\/revisions\/4294"}],"up":[{"embeddable":true,"href":"https:\/\/melissa.org\/fr\/wp-json\/wp\/v2\/pages\/119"}],"wp:attachment":[{"href":"https:\/\/melissa.org\/fr\/wp-json\/wp\/v2\/media?parent=163"}],"curies":[{"name":"wp","href":"https:\/\/api.w.org\/{rel}","templated":true}]}}