{"id":152,"date":"2017-10-03T23:53:25","date_gmt":"2017-10-03T22:53:25","guid":{"rendered":"http:\/\/melissa.org\/?page_id=152"},"modified":"2023-06-19T16:51:31","modified_gmt":"2023-06-19T14:51:31","slug":"vivliothiki","status":"publish","type":"page","link":"https:\/\/melissa.org\/fr\/vivliothiki\/","title":{"rendered":"Biblioth\u00e8que"},"content":{"rendered":"<p>Notre association dispose actuellement d&rsquo;environ 5,000 livres en grec et en d&rsquo;autres langues (fran\u00e7ais et anglais essentiellement), y compris quelques \u00e9ditions du 16<sup>\u00e8me<\/sup> si\u00e8cle, essentiellement des livres publi\u00e9s en Suisse (B\u00e2le, Gen\u00e8ve, Lausanne), ainsi que de documents historiques. Nous participons avec nos livres et documents historiques \u00e0 des expositions organis\u00e9es par des mus\u00e9es et institutions culturelles en Suisse (Mus\u00e9e d&rsquo;art et d&rsquo;histoire de Gen\u00e8ve en 2021, Mus\u00e9e Historique de Lausanne en 2023).<\/p>\n<p><span class=\"HwtZe\" lang=\"fr\"><span class=\"jCAhz ChMk0b\"><span class=\"ryNqvb\">Actuellement, nous sommes \u00e0 la recherche d&rsquo;un endroit adapt\u00e9 afin que notre biblioth\u00e8que puisse fonctionner comme biblioth\u00e8que de pr\u00eat.<\/span><\/span><\/span> La prochaine \u00e9tape sera l\u2019\u00e9laboration d\u2019un catalogue num\u00e9rique de nos titres, afin qu\u2019ils soient accessibles au public.<\/p>\n<p><a href=\"https:\/\/www.youtube.com\/watch?v=sFVhf2sB2vw\" target=\"_blank\" rel=\"noopener noreferrer\">Vid\u00e9o-pr\u00e9sentation<\/a> de la collection de livres anciens de notre association.<\/p>\n<figure id=\"attachment_3703\" aria-describedby=\"caption-attachment-3703\" style=\"width: 525px\" class=\"wp-caption alignnone\"><a href=\"http:\/\/melissa.org\/wp-content\/uploads\/2017\/10\/books1.jpg\"><img loading=\"lazy\" decoding=\"async\" class=\"wp-image-3703 size-large\" src=\"http:\/\/melissa.org\/wp-content\/uploads\/2017\/10\/books1-1024x868.jpg\" alt=\"\" width=\"525\" height=\"445\" srcset=\"https:\/\/melissa.org\/wp-content\/uploads\/2017\/10\/books1-1024x868.jpg 1024w, https:\/\/melissa.org\/wp-content\/uploads\/2017\/10\/books1-300x254.jpg 300w, https:\/\/melissa.org\/wp-content\/uploads\/2017\/10\/books1-768x651.jpg 768w\" sizes=\"auto, (max-width: 525px) 100vw, 525px\" \/><\/a><figcaption id=\"caption-attachment-3703\" class=\"wp-caption-text\">Quelques livres anciens de notre collection<\/figcaption><\/figure>\n<p><a href=\"http:\/\/melissa.org\/vivliothiki\/daneistiki-vivliothiki\/\" target=\"_blank\" rel=\"noopener noreferrer\">Projet-pilote de biblioth\u00e8que de pr\u00eat<\/a><\/p>\n<hr \/>\n<p>DONATEURS DE NOTRE BIBLIOTH\u00c8QUE<\/p>\n<p>Nous tenons \u00e0 remercier chaleureusement nos chers amis et membres qui ont offert des livres de leur biblioth\u00e8que et qui nous ont aid\u00e9 \u00e0 enrichir notre collection, \u0153uvrant pour la diffusion de la culture hell\u00e9nique.<br \/>\nEn particulier, nous remercions :<\/p>\n<p>Madame <strong>Anagnostou Elli<\/strong> (livres)<br \/>\nMadame <strong>Papageorgiou Amelia<\/strong> (livres de la biblioth\u00e8que de son p\u00e8re)<br \/>\nMadame <strong>Parginou \u039carili<\/strong> (locaux pour la biblioth\u00e8que, 2021-22)<br \/>\nMonsieur <strong>Handrinos Haralampos<\/strong> (livres et \u0153uvres visuelles d&rsquo;Odysseas Elytis)<\/p>","protected":false},"excerpt":{"rendered":"<p>Notre association dispose actuellement d&rsquo;environ 5,000 livres en grec et en d&rsquo;autres langues (fran\u00e7ais et anglais essentiellement), y compris quelques \u00e9ditions du 16\u00e8me si\u00e8cle, essentiellement des livres publi\u00e9s en Suisse &hellip; <\/p>\n<p class=\"link-more\"><a href=\"https:\/\/melissa.org\/fr\/vivliothiki\/\" class=\"more-link\">Continuer la lecture<span class=\"screen-reader-text\"> de &laquo;&nbsp;Biblioth\u00e8que&nbsp;&raquo;<\/span><\/a><\/p>\n","protected":false},"author":3,"featured_media":0,"parent":0,"menu_order":0,"comment_status":"closed","ping_status":"closed","template":"","meta":{"footnotes":""},"class_list":["post-152","page","type-page","status-publish","hentry"],"_links":{"self":[{"href":"https:\/\/melissa.org\/fr\/wp-json\/wp\/v2\/pages\/152","targetHints":{"allow":["GET"]}}],"collection":[{"href":"https:\/\/melissa.org\/fr\/wp-json\/wp\/v2\/pages"}],"about":[{"href":"https:\/\/melissa.org\/fr\/wp-json\/wp\/v2\/types\/page"}],"author":[{"embeddable":true,"href":"https:\/\/melissa.org\/fr\/wp-json\/wp\/v2\/users\/3"}],"replies":[{"embeddable":true,"href":"https:\/\/melissa.org\/fr\/wp-json\/wp\/v2\/comments?post=152"}],"version-history":[{"count":27,"href":"https:\/\/melissa.org\/fr\/wp-json\/wp\/v2\/pages\/152\/revisions"}],"predecessor-version":[{"id":4987,"href":"https:\/\/melissa.org\/fr\/wp-json\/wp\/v2\/pages\/152\/revisions\/4987"}],"wp:attachment":[{"href":"https:\/\/melissa.org\/fr\/wp-json\/wp\/v2\/media?parent=152"}],"curies":[{"name":"wp","href":"https:\/\/api.w.org\/{rel}","templated":true}]}}