{"id":119,"date":"2017-10-03T23:07:48","date_gmt":"2017-10-03T22:07:48","guid":{"rendered":"http:\/\/melissa.org\/?page_id=119"},"modified":"2026-02-07T08:49:22","modified_gmt":"2026-02-07T07:49:22","slug":"poioi-eimaste","status":"publish","type":"page","link":"https:\/\/melissa.org\/fr\/poioi-eimaste\/","title":{"rendered":"Qui sommes-nous"},"content":{"rendered":"<p>Notre comit\u00e9 (2025-26) :<\/p>\n<p><strong>Georgios Sgourdos<\/strong><br \/>\nPr\u00e9sident<\/p>\n<p><strong>Calliope Ioannidou<\/strong><br \/>\nSecr\u00e9taire<\/p>\n<p><strong>Vassileios Agrafiotis<\/strong><br \/>\nTr\u00e9sorier<\/p>\n<p><strong>Sofia Dalkou<\/strong><br \/>\nMembre<\/p>\n<p><strong>Chrysanthi Samara<\/strong><br \/>\nMembre<\/p>\n<p>Membres suppl\u00e9ants du comit\u00e9:<\/p>\n<p><strong>Dimitrios Foskolos<\/strong><\/p>\n<p><strong>Nikolaos Petsios<\/strong><\/p>\n<div class=\"entry-content\">\n<hr \/>\n<p>Membres fondateurs :<\/p>\n<p>Georgios Sgourdos<br \/>\nSofia Dalkou<br \/>\nTheodossios Dimopoulos<br \/>\nChrysanthi Samara<br \/>\nGrigorios Chatzilymperis<br \/>\nCalliope Ioannidou<br \/>\nPhilippe Kitsos<br \/>\nChryssa Papadaki<\/p>\n<\/div>\n<hr \/>\n<p>Anciens comit\u00e9s :<\/p>\n<p>AG du 12 d\u00e9cembre 2021<\/p>\n<p>Georgios Sgourdos<br \/>\nPr\u00e9sident<\/p>\n<p>Theodossios Dimopoulos<br \/>\nVice-Pr\u00e9sident<\/p>\n<p>Chrysanthi Samara<br \/>\nSecr\u00e9taire<\/p>\n<p>Vassileios Agrafiotis<br \/>\nTr\u00e9sorier<\/p>\n<p>Sofia Dalkou<br \/>\nMembre<\/p>\n<p>Membres suppl\u00e9ants :<br \/>\nDimitrios Papastergiou<br \/>\nCalliope Ioannidou<\/p>\n<div class=\"entry-content\">\n<hr \/>\n<p>AG du 30 mars 2019<\/p>\n<\/div>\n<p>Georgios Sgourdos<br \/>\nPr\u00e9sident<\/p>\n<p>Theodossios Dimopoulos<br \/>\nVice-Pr\u00e9sident<\/p>\n<p>Calliope Ioannidou<br \/>\nSecr\u00e9taire<\/p>\n<p>Sofia Dalkou<br \/>\nTr\u00e9sorier<\/p>\n<p>Chrysanthi Samara<br \/>\nMembre du comit\u00e9<\/p>\n<p>Membres suppl\u00e9ants :<br \/>\nDimitrios Papastergiou<br \/>\nAlexandros Kokkas<\/p>\n<div class=\"entry-content\">\n<hr \/>\n<p>AG constitutionnelle du 4 d\u00e9cembre 2016<\/p>\n<p>Georgios Sgourdos<br \/>\nPr\u00e9sident<\/p>\n<p>Theodossios Dimopoulos<br \/>\nVice-Pr\u00e9sident<\/p>\n<p>Chrysanthi Samara<br \/>\nSecr\u00e9taire<\/p>\n<p>Sofia Dalkou<br \/>\nTr\u00e9sorier<\/p>\n<p>Calliope Ioannidou<br \/>\nMembre du comit\u00e9<\/p>\n<p>Membres suppl\u00e9ants du comit\u00e9:<br \/>\nGrigorios Chatzilymperis<br \/>\nPhilippe Kitsos<\/p>\n<\/div>\n<p><\/p>","protected":false},"excerpt":{"rendered":"<p>Notre comit\u00e9 (2025-26) : Georgios Sgourdos Pr\u00e9sident Calliope Ioannidou Secr\u00e9taire Vassileios Agrafiotis Tr\u00e9sorier Sofia Dalkou Membre Chrysanthi Samara Membre Membres suppl\u00e9ants du comit\u00e9: Dimitrios Foskolos Nikolaos Petsios Membres fondateurs : &hellip; <\/p>\n<p class=\"link-more\"><a href=\"https:\/\/melissa.org\/fr\/poioi-eimaste\/\" class=\"more-link\">Continuer la lecture<span class=\"screen-reader-text\"> de &laquo;&nbsp;Qui sommes-nous&nbsp;&raquo;<\/span><\/a><\/p>\n","protected":false},"author":3,"featured_media":0,"parent":0,"menu_order":0,"comment_status":"closed","ping_status":"closed","template":"","meta":{"footnotes":""},"class_list":["post-119","page","type-page","status-publish","hentry"],"_links":{"self":[{"href":"https:\/\/melissa.org\/fr\/wp-json\/wp\/v2\/pages\/119","targetHints":{"allow":["GET"]}}],"collection":[{"href":"https:\/\/melissa.org\/fr\/wp-json\/wp\/v2\/pages"}],"about":[{"href":"https:\/\/melissa.org\/fr\/wp-json\/wp\/v2\/types\/page"}],"author":[{"embeddable":true,"href":"https:\/\/melissa.org\/fr\/wp-json\/wp\/v2\/users\/3"}],"replies":[{"embeddable":true,"href":"https:\/\/melissa.org\/fr\/wp-json\/wp\/v2\/comments?post=119"}],"version-history":[{"count":20,"href":"https:\/\/melissa.org\/fr\/wp-json\/wp\/v2\/pages\/119\/revisions"}],"predecessor-version":[{"id":5053,"href":"https:\/\/melissa.org\/fr\/wp-json\/wp\/v2\/pages\/119\/revisions\/5053"}],"wp:attachment":[{"href":"https:\/\/melissa.org\/fr\/wp-json\/wp\/v2\/media?parent=119"}],"curies":[{"name":"wp","href":"https:\/\/api.w.org\/{rel}","templated":true}]}}