{"id":3865,"date":"2018-01-11T22:46:23","date_gmt":"2018-01-11T21:46:23","guid":{"rendered":"http:\/\/melissa.org\/?page_id=3865"},"modified":"2019-10-16T23:25:39","modified_gmt":"2019-10-16T21:25:39","slug":"2018-2","status":"publish","type":"page","link":"https:\/\/melissa.org\/en\/2018-2\/","title":{"rendered":"2018"},"content":{"rendered":"<p>Nous tenons \u00e0 vous remercier pour votre chaleureux soutien durant <strong>2017<\/strong> qui \u00e9tait la premi\u00e8re ann\u00e9e d&#8217;activit\u00e9 de notre association. Voici un r\u00e9sum\u00e9 de nos activit\u00e9s, par ordre chronologique.<\/p>\n<p>(English text available soon. We apologize for the inconvenience.)<\/p>","protected":false},"excerpt":{"rendered":"<p>Nous tenons \u00e0 vous remercier pour votre chaleureux soutien durant 2017 qui \u00e9tait la premi\u00e8re ann\u00e9e d&#8217;activit\u00e9 de notre association. Voici un r\u00e9sum\u00e9 de nos activit\u00e9s, par ordre chronologique. (English &hellip; <\/p>\n<p class=\"link-more\"><a href=\"https:\/\/melissa.org\/en\/2018-2\/\" class=\"more-link\">Continue reading<span class=\"screen-reader-text\"> &#8220;2018&#8221;<\/span><\/a><\/p>\n","protected":false},"author":3,"featured_media":0,"parent":0,"menu_order":1,"comment_status":"closed","ping_status":"closed","template":"","meta":{"footnotes":""},"class_list":["post-3865","page","type-page","status-publish","hentry"],"_links":{"self":[{"href":"https:\/\/melissa.org\/en\/wp-json\/wp\/v2\/pages\/3865","targetHints":{"allow":["GET"]}}],"collection":[{"href":"https:\/\/melissa.org\/en\/wp-json\/wp\/v2\/pages"}],"about":[{"href":"https:\/\/melissa.org\/en\/wp-json\/wp\/v2\/types\/page"}],"author":[{"embeddable":true,"href":"https:\/\/melissa.org\/en\/wp-json\/wp\/v2\/users\/3"}],"replies":[{"embeddable":true,"href":"https:\/\/melissa.org\/en\/wp-json\/wp\/v2\/comments?post=3865"}],"version-history":[{"count":6,"href":"https:\/\/melissa.org\/en\/wp-json\/wp\/v2\/pages\/3865\/revisions"}],"predecessor-version":[{"id":4314,"href":"https:\/\/melissa.org\/en\/wp-json\/wp\/v2\/pages\/3865\/revisions\/4314"}],"wp:attachment":[{"href":"https:\/\/melissa.org\/en\/wp-json\/wp\/v2\/media?parent=3865"}],"curies":[{"name":"wp","href":"https:\/\/api.w.org\/{rel}","templated":true}]}}