{"id":18,"date":"2017-03-23T23:53:56","date_gmt":"2017-03-23T22:53:56","guid":{"rendered":"http:\/\/melissa.org\/?page_id=18"},"modified":"2023-05-15T18:03:26","modified_gmt":"2023-05-15T16:03:26","slug":"parousiasi","status":"publish","type":"page","link":"https:\/\/melissa.org\/en\/poioi-eimaste\/parousiasi\/","title":{"rendered":"Presentation &#8211; purpose"},"content":{"rendered":"<p>Melissa* for Hellenism<\/p>\n<p>(page not available in English, we apologize for the inconvenience)<\/p>\n<p><em>Melissa* pour l&#8217; Hell\u00e9nisme<\/em> (MpH)\u00a0 est une association \u00e0 but non lucratif, fond\u00e9e \u00e0 Lausanne en d\u00e9cembre 2016. Le but de MpH est l\u2019\u00e9tude et la mise en valeur du message universel de la culture hell\u00e9nique.<\/p>\n<p>L\u2019\u00e9l\u00e9ment moteur pour la fondation de ladite association fut un d\u00e9sir commun de faire vivre et d&#8217;\u00e9tudier le patrimoine culturel cr\u00e9\u00e9 en permanence par l\u2019Hell\u00e9nisme depuis des mill\u00e9naires.<\/p>\n<p>MpH organise des conf\u00e9rences, ainsi que des diffusions de documentaires concernant diff\u00e9rents chapitres importants de l\u2019histoire grecque (Antiquit\u00e9, p\u00e9riode hell\u00e9nistique, Empire romain d\u2019Orient, peuples ancestraux, philhell\u00e9nisme, etc). MpH organise par ailleurs des ateliers cr\u00e9atifs \u00e0 la d\u00e9couverte de l&#8217;hell\u00e9nisme \u00e0 travers la musique traditionnelle, l\u2019art eccl\u00e9siastique, la po\u00e9sie et les sciences.<\/p>\n<p>MpH dispose actuellement de plus de 5,000 livres en grec et en d&#8217;autres langues (fran\u00e7ais et anglais), dont 100 \u00e9ditions du 16<sup>\u00e8me<\/sup> si\u00e8cle, publi\u00e9es surtout en Suisse, ainsi que de documents historiques. Une partie s\u00e9lectionn\u00e9e de cette collection est pr\u00e9sent\u00e9e lors d&#8217;expositions temporaires des mus\u00e9es et d&#8217;autres institutions suisses.<\/p>\n<p>Pour atteindre ses buts, MpH coop\u00e8re avec des associations et des autorit\u00e9s locales, ainsi que d&#8217;autres associations ou institutions en Gr\u00e8ce et dans le monde entier, qui partagent des buts similaires.<\/p>\n<p>Les membres du comit\u00e9 sont \u00e0 votre disposition pour vos questions, vos demandes d&#8217;adh\u00e9sion et de collaboration, etc.<\/p>\n<p>* melissa = abeille en grec. Melissa* for Hellenism<\/p>\n<p>(page not available in English, we apologize for the inconvenience)<\/p>\n<p><em>Melissa* pour l&#8217; Hell\u00e9nisme<\/em> (MpH)  est une association \u00e0 but non lucratif, fond\u00e9e \u00e0 Lausanne en d\u00e9cembre 2016. Le but de MpH est l\u2019\u00e9tude et la mise en valeur du message universel de la culture hell\u00e9nique.<\/p>\n<p>L\u2019\u00e9l\u00e9ment moteur pour la fondation de ladite association fut un d\u00e9sir commun de faire vivre et d&#8217;\u00e9tudier le patrimoine culturel cr\u00e9\u00e9 en permanence par l\u2019Hell\u00e9nisme depuis des mill\u00e9naires.<\/p>\n<p>MpH organise des conf\u00e9rences, ainsi que des diffusions de documentaires concernant diff\u00e9rents chapitres importants de l\u2019histoire grecque (Antiquit\u00e9, p\u00e9riode hell\u00e9nistique, Empire romain d\u2019Orient, peuples ancestraux, philhell\u00e9nisme, etc). MpH organise par ailleurs des ateliers cr\u00e9atifs \u00e0 la d\u00e9couverte de l&#8217;hell\u00e9nisme \u00e0 travers la musique traditionnelle, l\u2019art eccl\u00e9siastique, la po\u00e9sie et les sciences. Moreover, our association creates a new school of greek language and culture in Lausanne, for the school year 2021-2022.<\/p>\n<p>Il vaut la peine de mentionner que MpH dispose actuellement de plus de 5,000 livres en grec et en d&#8217;autres langues (fran\u00e7ais et anglais), dont 100 rares \u00e9ditions du 16<sup>\u00e8me<\/sup> si\u00e8cle, publi\u00e9es surtout en Suisse, ainsi que de documents historiques. Une partie s\u00e9lectionn\u00e9e de cette collection est pr\u00e9sent\u00e9e lors d&#8217;expositions temporaires des mus\u00e9es et d&#8217;autres institutions suisses.<\/p>\n<p>Pour atteindre ses buts, MpH coop\u00e8re avec des associations et des autorit\u00e9s locales, ainsi que d&#8217;autres associations ou institutions en Gr\u00e8ce et dans le monde entier, qui partagent des buts similaires.<\/p>\n<p>Les membres du comit\u00e9 sont \u00e0 votre disposition pour vos questions, vos demandes d&#8217;adh\u00e9sion et de collaboration, etc.<\/p>\n<p>* melissa = abeille en grec.<br \/>\n<\/p>","protected":false},"excerpt":{"rendered":"<p>Melissa* for Hellenism (page not available in English, we apologize for the inconvenience) Melissa* pour l&#8217; Hell\u00e9nisme (MpH)\u00a0 est une association \u00e0 but non lucratif, fond\u00e9e \u00e0 Lausanne en d\u00e9cembre &hellip; <\/p>\n<p class=\"link-more\"><a href=\"https:\/\/melissa.org\/en\/poioi-eimaste\/parousiasi\/\" class=\"more-link\">Continue reading<span class=\"screen-reader-text\"> &#8220;Presentation &#8211; purpose&#8221;<\/span><\/a><\/p>\n","protected":false},"author":2,"featured_media":0,"parent":119,"menu_order":1,"comment_status":"closed","ping_status":"closed","template":"","meta":{"footnotes":""},"class_list":["post-18","page","type-page","status-publish","hentry"],"_links":{"self":[{"href":"https:\/\/melissa.org\/en\/wp-json\/wp\/v2\/pages\/18","targetHints":{"allow":["GET"]}}],"collection":[{"href":"https:\/\/melissa.org\/en\/wp-json\/wp\/v2\/pages"}],"about":[{"href":"https:\/\/melissa.org\/en\/wp-json\/wp\/v2\/types\/page"}],"author":[{"embeddable":true,"href":"https:\/\/melissa.org\/en\/wp-json\/wp\/v2\/users\/2"}],"replies":[{"embeddable":true,"href":"https:\/\/melissa.org\/en\/wp-json\/wp\/v2\/comments?post=18"}],"version-history":[{"count":14,"href":"https:\/\/melissa.org\/en\/wp-json\/wp\/v2\/pages\/18\/revisions"}],"predecessor-version":[{"id":4976,"href":"https:\/\/melissa.org\/en\/wp-json\/wp\/v2\/pages\/18\/revisions\/4976"}],"up":[{"embeddable":true,"href":"https:\/\/melissa.org\/en\/wp-json\/wp\/v2\/pages\/119"}],"wp:attachment":[{"href":"https:\/\/melissa.org\/en\/wp-json\/wp\/v2\/media?parent=18"}],"curies":[{"name":"wp","href":"https:\/\/api.w.org\/{rel}","templated":true}]}}