{"id":158,"date":"2017-10-04T00:07:30","date_gmt":"2017-10-03T23:07:30","guid":{"rendered":"http:\/\/melissa.org\/?page_id=158"},"modified":"2018-09-13T17:30:08","modified_gmt":"2018-09-13T15:30:08","slug":"meli-2","status":"publish","type":"page","link":"https:\/\/melissa.org\/en\/poioi-eimaste\/meli-2\/","title":{"rendered":"Members"},"content":{"rendered":"<p>Content under construction.<\/p>\n<p>(en fran\u00e7ais)<\/p>\n<p>D&#8217;apr\u00e8s l&#8217;article 3 de nos statuts:<\/p>\n<blockquote><p>Peuvent pr\u00e9tendre \u00e0 devenir membre de l\u2019association les personnes physiques de plus de 18 ans qui adh\u00e8rent aux buts de l\u2019association et propos\u00e9es comme telles par au moins un membre de MpH. Les demandes d\u2019admission sont adress\u00e9es au Comit\u00e9 par \u00e9crit.<\/p><\/blockquote>\n<p>Veuillez remplir et signer le <a href=\"http:\/\/melissa.org\/wp-content\/uploads\/2017\/10\/\u039c\u0395\u039b\u0399\u03a3\u03a3\u0391-\u0391\u0399\u03a4\u0397\u03a3\u0397_\u039c\u0395\u039b\u039f\u03a5\u03a3.pdf\" target=\"_blank\" rel=\"noopener\">formulaire de demande d&#8217;adh\u00e9sion<\/a> , puis\u00a0 envoyez-le nous par courier \u00e9l\u00e9ctonique.<\/p>\n<p>Si vous habitez en Suisse, la cotisation annuelle est de Sfr. 60.-<br \/>\nEtudiants, ch\u00f4mage, AI, retrait\u00e9s: Sfr. 30.-<\/p>\n<p>Si vous habitez en Gr\u00e8ce, la cotisation annuelle est de Sfr. 20.-<\/p>\n<p>Pour tous les autres pays la cotisation annuelle est de Sfr. 60.-<\/p>\n<p>Nos coordonn\u00e9es bancaires:<br \/>\nNo de comte bancaire (PostFinance) : 14-497882-3<br \/>\nIBAN: CH51 0900 0000 1449 7882 3<br \/>\nBIC: POFICHBEXXX<\/p>\n<p>B\u00e9n\u00e9ficiaire:<br \/>\nMelissa pour l\u2019Hell\u00e9nisme<br \/>\nCH-1000 Lausanne<\/p>","protected":false},"excerpt":{"rendered":"<p>Content under construction. (en fran\u00e7ais) D&#8217;apr\u00e8s l&#8217;article 3 de nos statuts: Peuvent pr\u00e9tendre \u00e0 devenir membre de l\u2019association les personnes physiques de plus de 18 ans qui adh\u00e8rent aux buts &hellip; <\/p>\n<p class=\"link-more\"><a href=\"https:\/\/melissa.org\/en\/poioi-eimaste\/meli-2\/\" class=\"more-link\">Continue reading<span class=\"screen-reader-text\"> &#8220;Members&#8221;<\/span><\/a><\/p>\n","protected":false},"author":3,"featured_media":0,"parent":119,"menu_order":3,"comment_status":"closed","ping_status":"closed","template":"","meta":{"footnotes":""},"class_list":["post-158","page","type-page","status-publish","hentry"],"_links":{"self":[{"href":"https:\/\/melissa.org\/en\/wp-json\/wp\/v2\/pages\/158","targetHints":{"allow":["GET"]}}],"collection":[{"href":"https:\/\/melissa.org\/en\/wp-json\/wp\/v2\/pages"}],"about":[{"href":"https:\/\/melissa.org\/en\/wp-json\/wp\/v2\/types\/page"}],"author":[{"embeddable":true,"href":"https:\/\/melissa.org\/en\/wp-json\/wp\/v2\/users\/3"}],"replies":[{"embeddable":true,"href":"https:\/\/melissa.org\/en\/wp-json\/wp\/v2\/comments?post=158"}],"version-history":[{"count":4,"href":"https:\/\/melissa.org\/en\/wp-json\/wp\/v2\/pages\/158\/revisions"}],"predecessor-version":[{"id":3856,"href":"https:\/\/melissa.org\/en\/wp-json\/wp\/v2\/pages\/158\/revisions\/3856"}],"up":[{"embeddable":true,"href":"https:\/\/melissa.org\/en\/wp-json\/wp\/v2\/pages\/119"}],"wp:attachment":[{"href":"https:\/\/melissa.org\/en\/wp-json\/wp\/v2\/media?parent=158"}],"curies":[{"name":"wp","href":"https:\/\/api.w.org\/{rel}","templated":true}]}}