{"id":126,"date":"2017-10-03T23:13:18","date_gmt":"2017-10-03T22:13:18","guid":{"rendered":"http:\/\/melissa.org\/?page_id=126"},"modified":"2021-11-05T19:22:13","modified_gmt":"2021-11-05T18:22:13","slug":"eggrafi-meloys","status":"publish","type":"page","link":"https:\/\/melissa.org\/en\/epikoinonia\/eggrafi-meloys\/","title":{"rendered":"Become member"},"content":{"rendered":"<p>(en fran\u00e7ais)<\/p>\n<p>D&#8217;apr\u00e8s l&#8217;article 3 de nos statuts:<\/p>\n<blockquote><p>Peuvent pr\u00e9tendre \u00e0 devenir membre de l\u2019association les personnes physiques de plus de 18 ans qui adh\u00e8rent aux buts de l\u2019association et propos\u00e9es comme telles par au moins un membre de MpH. Les demandes d\u2019admission sont adress\u00e9es au Comit\u00e9 par \u00e9crit.<\/p><\/blockquote>\n<p>Veuillez remplir et signer le <a href=\"http:\/\/melissa.org\/wp-content\/uploads\/2017\/10\/\u039c\u0395\u039b\u0399\u03a3\u03a3\u0391-\u0391\u0399\u03a4\u0397\u03a3\u0397_\u039c\u0395\u039b\u039f\u03a5\u03a3.pdf\" target=\"_blank\" rel=\"noopener noreferrer\">formulaire de demande d&#8217;adh\u00e9sion<\/a> , puis\u00a0 envoyez-le nous par courier \u00e9l\u00e9ctonique.<\/p>\n<p>Si vous habitez en Suisse, la cotisation annuelle est de Sfr. 60.-<br \/>\nEtudiants, ch\u00f4mage, AI, retrait\u00e9s: Sfr. 30.-<\/p>\n<p>Si vous habitez en Gr\u00e8ce ou en Chypre, la cotisation annuelle est de Sfr. 20.-<\/p>\n<p>Pour tous les autres pays la cotisation annuelle est de Sfr. 60.-<\/p>\n<p>Nos coordonn\u00e9es bancaires:<br \/>\nNo de comte bancaire (PostFinance) : 14-497882-3<br \/>\nIBAN: CH51 0900 0000 1449 7882 3<br \/>\nBIC: POFICHBEXXX<\/p>\n<p>B\u00e9n\u00e9ficiaire:<br \/>\nAssociation Melissa pour l\u2019Hell\u00e9nisme<br \/>\nCH-1000 Lausanne<\/p>","protected":false},"excerpt":{"rendered":"<p>(en fran\u00e7ais) D&#8217;apr\u00e8s l&#8217;article 3 de nos statuts: Peuvent pr\u00e9tendre \u00e0 devenir membre de l\u2019association les personnes physiques de plus de 18 ans qui adh\u00e8rent aux buts de l\u2019association et &hellip; <\/p>\n<p class=\"link-more\"><a href=\"https:\/\/melissa.org\/en\/epikoinonia\/eggrafi-meloys\/\" class=\"more-link\">Continue reading<span class=\"screen-reader-text\"> &#8220;Become member&#8221;<\/span><\/a><\/p>\n","protected":false},"author":3,"featured_media":0,"parent":145,"menu_order":1,"comment_status":"closed","ping_status":"closed","template":"","meta":{"footnotes":""},"class_list":["post-126","page","type-page","status-publish","hentry"],"_links":{"self":[{"href":"https:\/\/melissa.org\/en\/wp-json\/wp\/v2\/pages\/126","targetHints":{"allow":["GET"]}}],"collection":[{"href":"https:\/\/melissa.org\/en\/wp-json\/wp\/v2\/pages"}],"about":[{"href":"https:\/\/melissa.org\/en\/wp-json\/wp\/v2\/types\/page"}],"author":[{"embeddable":true,"href":"https:\/\/melissa.org\/en\/wp-json\/wp\/v2\/users\/3"}],"replies":[{"embeddable":true,"href":"https:\/\/melissa.org\/en\/wp-json\/wp\/v2\/comments?post=126"}],"version-history":[{"count":15,"href":"https:\/\/melissa.org\/en\/wp-json\/wp\/v2\/pages\/126\/revisions"}],"predecessor-version":[{"id":4754,"href":"https:\/\/melissa.org\/en\/wp-json\/wp\/v2\/pages\/126\/revisions\/4754"}],"up":[{"embeddable":true,"href":"https:\/\/melissa.org\/en\/wp-json\/wp\/v2\/pages\/145"}],"wp:attachment":[{"href":"https:\/\/melissa.org\/en\/wp-json\/wp\/v2\/media?parent=126"}],"curies":[{"name":"wp","href":"https:\/\/api.w.org\/{rel}","templated":true}]}}